{"id":17,"date":"2025-05-19T16:21:10","date_gmt":"2025-05-19T16:21:10","guid":{"rendered":"https:\/\/bridgeflow.cl\/?page_id=17"},"modified":"2026-01-06T11:14:50","modified_gmt":"2026-01-06T14:14:50","slug":"contact","status":"publish","type":"page","link":"https:\/\/bridgeflow.cl\/es\/contact\/","title":{"rendered":"Contacto"},"content":{"rendered":"<div data-elementor-type=\"wp-page\" data-elementor-id=\"17\" class=\"elementor elementor-17\" data-elementor-post-type=\"page\">\n\t\t\t\t<div class=\"elementor-element elementor-element-8193e91 e-flex e-con-boxed e-con e-parent\" data-id=\"8193e91\" data-element_type=\"container\" data-e-type=\"container\">\n\t\t\t\t\t<div class=\"e-con-inner\">\n\t\t\t\t<div class=\"elementor-element elementor-element-c1ec979 elementor-widget elementor-widget-heading\" data-id=\"c1ec979\" data-element_type=\"widget\" data-e-type=\"widget\" data-widget_type=\"heading.default\">\n\t\t\t\t\t<h1 class=\"elementor-heading-title elementor-size-default\">Contacto<\/h1>\t\t\t\t<\/div>\n\t\t\t\t<div class=\"elementor-element elementor-element-514d363 elementor-widget elementor-widget-text-editor\" data-id=\"514d363\" data-element_type=\"widget\" data-e-type=\"widget\" data-widget_type=\"text-editor.default\">\n\t\t\t\t\t\t\t\t\t<p>En Bridgeflow trabajamos con empresas t\u00e9cnicas que enfrentan desaf\u00edos comerciales complejos.<br data-start=\"743\" data-end=\"746\" \/>Si est\u00e1s evaluando c\u00f3mo mejorar tu posicionamiento, abrir conversaciones con cuentas clave o estructurar mejor tu proceso comercial, cu\u00e9ntanos brevemente tu contexto.<\/p>\t\t\t\t\t\t\t\t<\/div>\n\t\t<div class=\"elementor-element elementor-element-c4c5456 e-con-full e-grid e-con e-child\" data-id=\"c4c5456\" data-element_type=\"container\" data-e-type=\"container\">\n\t\t<div class=\"elementor-element elementor-element-0ac965a e-con-full e-flex e-con e-child\" data-id=\"0ac965a\" data-element_type=\"container\" data-e-type=\"container\">\n\t\t\t\t<div class=\"elementor-element elementor-element-23b3896 elementor-widget elementor-widget-heading\" data-id=\"23b3896\" data-element_type=\"widget\" data-e-type=\"widget\" data-widget_type=\"heading.default\">\n\t\t\t\t\t<h2 class=\"elementor-heading-title elementor-size-default\">\u00bfQu\u00e9 sucede despu\u00e9s de enviar el formulario?<\/h2>\t\t\t\t<\/div>\n\t\t\t\t<div class=\"elementor-element elementor-element-95c05fc elementor-widget__width-initial elementor-widget elementor-widget-text-editor\" data-id=\"95c05fc\" data-element_type=\"widget\" data-e-type=\"widget\" data-widget_type=\"text-editor.default\">\n\t\t\t\t\t\t\t\t\t<ul><li data-start=\"1271\" data-end=\"1315\"><p data-start=\"1273\" data-end=\"1315\">Revisamos tu solicitud de forma directa.<\/p><\/li><li data-start=\"1316\" data-end=\"1386\"><p data-start=\"1318\" data-end=\"1386\">Evaluamos si existe encaje real entre tu desaf\u00edo y lo que hacemos.<\/p><\/li><li data-start=\"1387\" data-end=\"1450\"><p data-start=\"1389\" data-end=\"1450\">Si tiene sentido, te contactamos con un siguiente paso claro.<\/p><\/li><\/ul>\t\t\t\t\t\t\t\t<\/div>\n\t\t\t\t<div class=\"elementor-element elementor-element-b9812f4 elementor-widget elementor-widget-image\" data-id=\"b9812f4\" data-element_type=\"widget\" data-e-type=\"widget\" data-widget_type=\"image.default\">\n\t\t\t\t\t\t\t\t\t\t\t\t\t\t\t<img fetchpriority=\"high\" decoding=\"async\" width=\"500\" height=\"334\" src=\"https:\/\/bridgeflow.cl\/wp-content\/uploads\/2025\/05\/emocionado-empleador-hispano-felicitando-nuevo-empleado.webp\" class=\"attachment-medium_large size-medium_large wp-image-265\" alt=\"\" srcset=\"https:\/\/bridgeflow.cl\/wp-content\/uploads\/2025\/05\/emocionado-empleador-hispano-felicitando-nuevo-empleado.webp 500w, https:\/\/bridgeflow.cl\/wp-content\/uploads\/2025\/05\/emocionado-empleador-hispano-felicitando-nuevo-empleado-300x200.webp 300w, https:\/\/bridgeflow.cl\/wp-content\/uploads\/2025\/05\/emocionado-empleador-hispano-felicitando-nuevo-empleado-18x12.webp 18w\" sizes=\"(max-width: 500px) 100vw, 500px\" \/>\t\t\t\t\t\t\t\t\t\t\t\t\t\t\t<\/div>\n\t\t\t\t<\/div>\n\t\t<div class=\"elementor-element elementor-element-8b41c04 e-con-full e-flex e-con e-child\" data-id=\"8b41c04\" data-element_type=\"container\" data-e-type=\"container\">\n\t\t\t\t<div class=\"elementor-element elementor-element-83fc44b elementor-widget elementor-widget-hubspot-form\" data-id=\"83fc44b\" data-element_type=\"widget\" data-e-type=\"widget\" data-widget_type=\"hubspot-form.default\">\n\t\t\t\t<div class=\"elementor-widget-container\">\n\t\t\t\t\t\n\t\t\t<div\n\t\t\tclass=\"hs-form-frame\"\n\t\t\tdata-region=\"na1\"\n\t\t\tdata-form-id=\"4b22a40c-a34b-42eb-bcde-369c9d2e9434\"\n\t\t\tdata-portal-id=\"50241611\"\n\t\t\t >\n\t\t\t<\/div>\n\t\t\t\t\t\t\t<\/div>\n\t\t\t\t<\/div>\n\t\t\t\t<\/div>\n\t\t\t\t<\/div>\n\t\t\t\t\t<\/div>\n\t\t\t\t<\/div>\n\t\t\t\t<\/div>","protected":false},"excerpt":{"rendered":"<p>Ponte en contacto con Bridgeflow. Trabajamos con empresas t\u00e9cnicas que buscan estructurar su marketing y procesos comerciales en mercados industriales.<\/p>","protected":false},"author":1,"featured_media":265,"parent":0,"menu_order":0,"comment_status":"closed","ping_status":"closed","template":"elementor_header_footer","meta":{"content-type":"","footnotes":""},"class_list":["post-17","page","type-page","status-publish","has-post-thumbnail","hentry"],"yoast_head":"<!-- This site is optimized with the Yoast SEO plugin v27.3 - https:\/\/yoast.com\/product\/yoast-seo-wordpress\/ -->\n<title>Contact | Bridgeflow | Technical Marketing Consulting<\/title>\n<meta name=\"description\" content=\"Contact Bridgeflow to discuss your technical marketing and commercial strategy needs. We help industrial companies accelerate decisions with ABM and technical clarity.\" \/>\n<meta name=\"robots\" content=\"index, follow, max-snippet:-1, max-image-preview:large, max-video-preview:-1\" \/>\n<link rel=\"canonical\" href=\"https:\/\/bridgeflow.cl\/es\/contact\/\" \/>\n<meta property=\"og:locale\" content=\"es_ES\" \/>\n<meta property=\"og:type\" content=\"article\" \/>\n<meta property=\"og:title\" content=\"Contact | Bridgeflow | Technical Marketing Consulting\" \/>\n<meta property=\"og:description\" content=\"Contact Bridgeflow to discuss your technical marketing and commercial strategy needs. We help industrial companies accelerate decisions with ABM and technical clarity.\" \/>\n<meta property=\"og:url\" content=\"https:\/\/bridgeflow.cl\/es\/contact\/\" \/>\n<meta property=\"og:site_name\" content=\"BridgeFlow\" \/>\n<meta property=\"article:modified_time\" content=\"2026-01-06T14:14:50+00:00\" \/>\n<meta property=\"og:image\" content=\"https:\/\/bridgeflow.cl\/wp-content\/uploads\/2025\/05\/emocionado-empleador-hispano-felicitando-nuevo-empleado.webp\" \/>\n\t<meta property=\"og:image:width\" content=\"500\" \/>\n\t<meta property=\"og:image:height\" content=\"334\" \/>\n\t<meta property=\"og:image:type\" content=\"image\/webp\" \/>\n<meta name=\"twitter:card\" content=\"summary_large_image\" \/>\n<meta name=\"twitter:label1\" content=\"Tiempo estimado de lectura\" \/>\n\t<meta name=\"twitter:data1\" content=\"1 minuto\" \/>\n<script type=\"application\/ld+json\" class=\"yoast-schema-graph\">{\"@context\":\"https:\\\/\\\/schema.org\",\"@graph\":[{\"@type\":\"WebPage\",\"@id\":\"https:\\\/\\\/bridgeflow.cl\\\/contact\\\/\",\"url\":\"https:\\\/\\\/bridgeflow.cl\\\/contact\\\/\",\"name\":\"Contact | Bridgeflow | Technical Marketing Consulting\",\"isPartOf\":{\"@id\":\"https:\\\/\\\/bridgeflow.cl\\\/#website\"},\"primaryImageOfPage\":{\"@id\":\"https:\\\/\\\/bridgeflow.cl\\\/contact\\\/#primaryimage\"},\"image\":{\"@id\":\"https:\\\/\\\/bridgeflow.cl\\\/contact\\\/#primaryimage\"},\"thumbnailUrl\":\"https:\\\/\\\/bridgeflow.cl\\\/wp-content\\\/uploads\\\/2025\\\/05\\\/emocionado-empleador-hispano-felicitando-nuevo-empleado.webp\",\"datePublished\":\"2025-05-19T16:21:10+00:00\",\"dateModified\":\"2026-01-06T14:14:50+00:00\",\"description\":\"Contact Bridgeflow to discuss your technical marketing and commercial strategy needs. We help industrial companies accelerate decisions with ABM and technical clarity.\",\"breadcrumb\":{\"@id\":\"https:\\\/\\\/bridgeflow.cl\\\/contact\\\/#breadcrumb\"},\"inLanguage\":\"es-CL\",\"potentialAction\":[{\"@type\":\"ReadAction\",\"target\":[\"https:\\\/\\\/bridgeflow.cl\\\/contact\\\/\"]}]},{\"@type\":\"ImageObject\",\"inLanguage\":\"es-CL\",\"@id\":\"https:\\\/\\\/bridgeflow.cl\\\/contact\\\/#primaryimage\",\"url\":\"https:\\\/\\\/bridgeflow.cl\\\/wp-content\\\/uploads\\\/2025\\\/05\\\/emocionado-empleador-hispano-felicitando-nuevo-empleado.webp\",\"contentUrl\":\"https:\\\/\\\/bridgeflow.cl\\\/wp-content\\\/uploads\\\/2025\\\/05\\\/emocionado-empleador-hispano-felicitando-nuevo-empleado.webp\",\"width\":500,\"height\":334},{\"@type\":\"BreadcrumbList\",\"@id\":\"https:\\\/\\\/bridgeflow.cl\\\/contact\\\/#breadcrumb\",\"itemListElement\":[{\"@type\":\"ListItem\",\"position\":1,\"name\":\"Home\",\"item\":\"https:\\\/\\\/bridgeflow.cl\\\/\"},{\"@type\":\"ListItem\",\"position\":2,\"name\":\"Contacto\"}]},{\"@type\":\"WebSite\",\"@id\":\"https:\\\/\\\/bridgeflow.cl\\\/#website\",\"url\":\"https:\\\/\\\/bridgeflow.cl\\\/\",\"name\":\"BridgeFlow\",\"description\":\"\",\"publisher\":{\"@id\":\"https:\\\/\\\/bridgeflow.cl\\\/#organization\"},\"potentialAction\":[{\"@type\":\"SearchAction\",\"target\":{\"@type\":\"EntryPoint\",\"urlTemplate\":\"https:\\\/\\\/bridgeflow.cl\\\/?s={search_term_string}\"},\"query-input\":{\"@type\":\"PropertyValueSpecification\",\"valueRequired\":true,\"valueName\":\"search_term_string\"}}],\"inLanguage\":\"es-CL\"},{\"@type\":\"Organization\",\"@id\":\"https:\\\/\\\/bridgeflow.cl\\\/#organization\",\"name\":\"BridgeFlow\",\"url\":\"https:\\\/\\\/bridgeflow.cl\\\/\",\"logo\":{\"@type\":\"ImageObject\",\"inLanguage\":\"es-CL\",\"@id\":\"https:\\\/\\\/bridgeflow.cl\\\/#\\\/schema\\\/logo\\\/image\\\/\",\"url\":\"https:\\\/\\\/bridgeflow.cl\\\/wp-content\\\/uploads\\\/2025\\\/05\\\/Favicon-BridgeFlow.png\",\"contentUrl\":\"https:\\\/\\\/bridgeflow.cl\\\/wp-content\\\/uploads\\\/2025\\\/05\\\/Favicon-BridgeFlow.png\",\"width\":500,\"height\":510,\"caption\":\"BridgeFlow\"},\"image\":{\"@id\":\"https:\\\/\\\/bridgeflow.cl\\\/#\\\/schema\\\/logo\\\/image\\\/\"},\"sameAs\":[\"https:\\\/\\\/www.linkedin.com\\\/company\\\/bridgeflow-latin-america\"]}]}<\/script>\n<!-- \/ Yoast SEO plugin. -->","yoast_head_json":{"title":"Contact | Bridgeflow | Technical Marketing Consulting","description":"Contact Bridgeflow to discuss your technical marketing and commercial strategy needs. We help industrial companies accelerate decisions with ABM and technical clarity.","robots":{"index":"index","follow":"follow","max-snippet":"max-snippet:-1","max-image-preview":"max-image-preview:large","max-video-preview":"max-video-preview:-1"},"canonical":"https:\/\/bridgeflow.cl\/es\/contact\/","og_locale":"es_ES","og_type":"article","og_title":"Contact | Bridgeflow | Technical Marketing Consulting","og_description":"Contact Bridgeflow to discuss your technical marketing and commercial strategy needs. We help industrial companies accelerate decisions with ABM and technical clarity.","og_url":"https:\/\/bridgeflow.cl\/es\/contact\/","og_site_name":"BridgeFlow","article_modified_time":"2026-01-06T14:14:50+00:00","og_image":[{"width":500,"height":334,"url":"https:\/\/bridgeflow.cl\/wp-content\/uploads\/2025\/05\/emocionado-empleador-hispano-felicitando-nuevo-empleado.webp","type":"image\/webp"}],"twitter_card":"summary_large_image","twitter_misc":{"Tiempo estimado de lectura":"1 minuto"},"schema":{"@context":"https:\/\/schema.org","@graph":[{"@type":"WebPage","@id":"https:\/\/bridgeflow.cl\/contact\/","url":"https:\/\/bridgeflow.cl\/contact\/","name":"Contact | Bridgeflow | Technical Marketing Consulting","isPartOf":{"@id":"https:\/\/bridgeflow.cl\/#website"},"primaryImageOfPage":{"@id":"https:\/\/bridgeflow.cl\/contact\/#primaryimage"},"image":{"@id":"https:\/\/bridgeflow.cl\/contact\/#primaryimage"},"thumbnailUrl":"https:\/\/bridgeflow.cl\/wp-content\/uploads\/2025\/05\/emocionado-empleador-hispano-felicitando-nuevo-empleado.webp","datePublished":"2025-05-19T16:21:10+00:00","dateModified":"2026-01-06T14:14:50+00:00","description":"Contact Bridgeflow to discuss your technical marketing and commercial strategy needs. We help industrial companies accelerate decisions with ABM and technical clarity.","breadcrumb":{"@id":"https:\/\/bridgeflow.cl\/contact\/#breadcrumb"},"inLanguage":"es-CL","potentialAction":[{"@type":"ReadAction","target":["https:\/\/bridgeflow.cl\/contact\/"]}]},{"@type":"ImageObject","inLanguage":"es-CL","@id":"https:\/\/bridgeflow.cl\/contact\/#primaryimage","url":"https:\/\/bridgeflow.cl\/wp-content\/uploads\/2025\/05\/emocionado-empleador-hispano-felicitando-nuevo-empleado.webp","contentUrl":"https:\/\/bridgeflow.cl\/wp-content\/uploads\/2025\/05\/emocionado-empleador-hispano-felicitando-nuevo-empleado.webp","width":500,"height":334},{"@type":"BreadcrumbList","@id":"https:\/\/bridgeflow.cl\/contact\/#breadcrumb","itemListElement":[{"@type":"ListItem","position":1,"name":"Home","item":"https:\/\/bridgeflow.cl\/"},{"@type":"ListItem","position":2,"name":"Contacto"}]},{"@type":"WebSite","@id":"https:\/\/bridgeflow.cl\/#website","url":"https:\/\/bridgeflow.cl\/","name":"BridgeFlow","description":"","publisher":{"@id":"https:\/\/bridgeflow.cl\/#organization"},"potentialAction":[{"@type":"SearchAction","target":{"@type":"EntryPoint","urlTemplate":"https:\/\/bridgeflow.cl\/?s={search_term_string}"},"query-input":{"@type":"PropertyValueSpecification","valueRequired":true,"valueName":"search_term_string"}}],"inLanguage":"es-CL"},{"@type":"Organization","@id":"https:\/\/bridgeflow.cl\/#organization","name":"BridgeFlow","url":"https:\/\/bridgeflow.cl\/","logo":{"@type":"ImageObject","inLanguage":"es-CL","@id":"https:\/\/bridgeflow.cl\/#\/schema\/logo\/image\/","url":"https:\/\/bridgeflow.cl\/wp-content\/uploads\/2025\/05\/Favicon-BridgeFlow.png","contentUrl":"https:\/\/bridgeflow.cl\/wp-content\/uploads\/2025\/05\/Favicon-BridgeFlow.png","width":500,"height":510,"caption":"BridgeFlow"},"image":{"@id":"https:\/\/bridgeflow.cl\/#\/schema\/logo\/image\/"},"sameAs":["https:\/\/www.linkedin.com\/company\/bridgeflow-latin-america"]}]}},"brizy_media":[],"_links":{"self":[{"href":"https:\/\/bridgeflow.cl\/es\/wp-json\/wp\/v2\/pages\/17","targetHints":{"allow":["GET"]}}],"collection":[{"href":"https:\/\/bridgeflow.cl\/es\/wp-json\/wp\/v2\/pages"}],"about":[{"href":"https:\/\/bridgeflow.cl\/es\/wp-json\/wp\/v2\/types\/page"}],"author":[{"embeddable":true,"href":"https:\/\/bridgeflow.cl\/es\/wp-json\/wp\/v2\/users\/1"}],"replies":[{"embeddable":true,"href":"https:\/\/bridgeflow.cl\/es\/wp-json\/wp\/v2\/comments?post=17"}],"version-history":[{"count":5,"href":"https:\/\/bridgeflow.cl\/es\/wp-json\/wp\/v2\/pages\/17\/revisions"}],"predecessor-version":[{"id":491,"href":"https:\/\/bridgeflow.cl\/es\/wp-json\/wp\/v2\/pages\/17\/revisions\/491"}],"wp:featuredmedia":[{"embeddable":true,"href":"https:\/\/bridgeflow.cl\/es\/wp-json\/wp\/v2\/media\/265"}],"wp:attachment":[{"href":"https:\/\/bridgeflow.cl\/es\/wp-json\/wp\/v2\/media?parent=17"}],"curies":[{"name":"wp","href":"https:\/\/api.w.org\/{rel}","templated":true}]}}