{"id":23,"date":"2025-05-19T16:21:12","date_gmt":"2025-05-19T16:21:12","guid":{"rendered":"https:\/\/bridgeflow.cl\/?page_id=23"},"modified":"2025-11-21T11:38:18","modified_gmt":"2025-11-21T14:38:18","slug":"challenges-we-solve","status":"publish","type":"page","link":"https:\/\/bridgeflow.cl\/es\/challenges-we-solve\/","title":{"rendered":"Problemas que Resolvemos"},"content":{"rendered":"<div data-elementor-type=\"wp-page\" data-elementor-id=\"23\" class=\"elementor elementor-23\" data-elementor-post-type=\"page\">\n\t\t\t\t<div class=\"elementor-element elementor-element-6621fe6 e-con-full e-flex e-con e-parent\" data-id=\"6621fe6\" data-element_type=\"container\" data-e-type=\"container\">\n\t\t\t\t<div class=\"elementor-element elementor-element-ecff116 elementor--h-position-center elementor--v-position-middle elementor-arrows-position-inside elementor-pagination-position-inside elementor-widget elementor-widget-slides\" data-id=\"ecff116\" data-element_type=\"widget\" data-e-type=\"widget\" data-settings=\"{&quot;navigation&quot;:&quot;both&quot;,&quot;infinite&quot;:&quot;yes&quot;,&quot;transition&quot;:&quot;slide&quot;,&quot;transition_speed&quot;:500}\" data-widget_type=\"slides.default\">\n\t\t\t\t\t\t\t\t\t\t<div class=\"elementor-slides-wrapper elementor-main-swiper swiper\" role=\"region\" aria-roledescription=\"carousel\" aria-label=\"Slides\" dir=\"ltr\" data-animation=\"fadeInUp\">\n\t\t\t\t<div class=\"swiper-wrapper elementor-slides\">\n\t\t\t\t\t\t\t\t\t\t<div class=\"elementor-repeater-item-35bcaf7 swiper-slide\" role=\"group\" aria-roledescription=\"slide\"><div class=\"swiper-slide-bg elementor-ken-burns elementor-ken-burns--in\" role=\"img\" aria-label=\"Tensionador hidr\u00e1ulico ignorado\"><\/div><div class=\"elementor-background-overlay\"><\/div><div class=\"swiper-slide-inner\" ><div class=\"swiper-slide-contents\"><div class=\"elementor-slide-heading\">\u201cTenemos un gran producto \u2014 pero nadie toca la puerta.\u201d<\/div><div class=\"elementor-slide-description\">Una empresa t\u00e9cnica con soluciones s\u00f3lidas, pero sin generaci\u00f3n de leads. Bridgeflow los ayud\u00f3 a llegar a los decisores mediante ABM y contenido t\u00e9cnico dise\u00f1ado para hablar su idioma.<\/div><div  class=\"elementor-button elementor-slide-button elementor-size-sm\">Explorar este enfoque<\/div><\/div><\/div><\/div><div class=\"elementor-repeater-item-99837c8 swiper-slide\" role=\"group\" aria-roledescription=\"slide\"><div class=\"swiper-slide-bg elementor-ken-burns elementor-ken-burns--in\" role=\"img\" aria-label=\"Young businesswoman planning success, holding adhesive note generated by artificial intelligence\"><\/div><div class=\"elementor-background-overlay\"><\/div><div class=\"swiper-slide-inner\" ><div class=\"swiper-slide-contents\"><div class=\"elementor-slide-heading\">\u201cNuestro funnel est\u00e1 lleno\u2026 pero nadie convierte.\u201d<\/div><div class=\"elementor-slide-description\">Mucho tr\u00e1fico, pocos resultados. Implementamos flujos de nurturing integrados al CRM y perfectamente alineados con el proceso de compra B2B t\u00e9cnico.<\/div><\/div><\/div><\/div><div class=\"elementor-repeater-item-d73fb0f swiper-slide\" role=\"group\" aria-roledescription=\"slide\"><div class=\"swiper-slide-bg elementor-ken-burns elementor-ken-burns--in\" role=\"img\" aria-label=\"siluetas-de-manos-aterradoras-en-estudio\"><\/div><div class=\"elementor-background-overlay\"><\/div><div class=\"swiper-slide-inner\" ><div class=\"swiper-slide-contents\"><div class=\"elementor-slide-heading\">\u201cSomos invisibles \u2014 incluso para nuestra propia industria.\u201d<\/div><div class=\"elementor-slide-description\">La credibilidad no era el problema \u2014 la visibilidad s\u00ed. Bridgeflow redefini\u00f3 su posicionamiento y marca para reflejar su verdadero valor t\u00e9cnico en un mercado saturado.<\/div><\/div><\/div><\/div>\t\t\t\t<\/div>\n\t\t\t\t\t\t\t\t\t\t\t\t\t\t\t<div class=\"elementor-swiper-button elementor-swiper-button-prev\" role=\"button\" tabindex=\"0\" aria-label=\"Previous slide\" data-no-translation-aria-label=\"\">\n\t\t\t\t\t\t\t<svg aria-hidden=\"true\" class=\"e-font-icon-svg e-eicon-chevron-left\" viewbox=\"0 0 1000 1000\" xmlns=\"http:\/\/www.w3.org\/2000\/svg\"><path d=\"M646 125C629 125 613 133 604 142L308 442C296 454 292 471 292 487 292 504 296 521 308 533L604 854C617 867 629 875 646 875 663 875 679 871 692 858 704 846 713 829 713 812 713 796 708 779 692 767L438 487 692 225C700 217 708 204 708 187 708 171 704 154 692 142 675 129 663 125 646 125Z\"><\/path><\/svg>\t\t\t\t\t\t<\/div>\n\t\t\t\t\t\t<div class=\"elementor-swiper-button elementor-swiper-button-next\" role=\"button\" tabindex=\"0\" aria-label=\"Next slide\" data-no-translation-aria-label=\"\">\n\t\t\t\t\t\t\t<svg aria-hidden=\"true\" class=\"e-font-icon-svg e-eicon-chevron-right\" viewbox=\"0 0 1000 1000\" xmlns=\"http:\/\/www.w3.org\/2000\/svg\"><path d=\"M696 533C708 521 713 504 713 487 713 471 708 454 696 446L400 146C388 133 375 125 354 125 338 125 325 129 313 142 300 154 292 171 292 187 292 204 296 221 308 233L563 492 304 771C292 783 288 800 288 817 288 833 296 850 308 863 321 871 338 875 354 875 371 875 388 867 400 854L696 533Z\"><\/path><\/svg>\t\t\t\t\t\t<\/div>\n\t\t\t\t\t\t\t\t\t\t\t\t\t\t\t\t<div class=\"swiper-pagination\"><\/div>\n\t\t\t\t\t\t\t\t\t\t\t\t<\/div>\n\t\t\t\t\t\t\t\t<\/div>\n\t\t\t\t<\/div>\n\t\t<div class=\"elementor-element elementor-element-5471aea e-flex e-con-boxed e-con e-parent\" data-id=\"5471aea\" data-element_type=\"container\" data-e-type=\"container\">\n\t\t\t\t\t<div class=\"e-con-inner\">\n\t\t\t\t<div class=\"elementor-element elementor-element-cfc4f7a elementor-widget elementor-widget-flex-hero\" data-id=\"cfc4f7a\" data-element_type=\"widget\" data-e-type=\"widget\" data-settings=\"{&quot;layout_preset&quot;:&quot;storytelling&quot;,&quot;primary_button_shape&quot;:&quot;default&quot;,&quot;image_shape&quot;:&quot;sharp&quot;,&quot;box_shape&quot;:&quot;sharp&quot;}\" data-widget_type=\"flex-hero.default\">\n\t\t\t\t<div class=\"elementor-widget-container\">\n\t\t\t\t\t\t\t<div class=\"has-shape-sharp shape-type-box ehp-flex-hero has-layout-preset-storytelling\">\n\t\t\t\t\t\t<div class=\"ehp-flex-hero__overlay\"><\/div>\n\t\t\t<div class=\"ehp-flex-hero__content-container\">\n\t\t\t\t<h1 class=\"ehp-flex-hero__heading\">No todo problema se resuelve con m\u00e1s marketing<\/h1><h2 class=\"ehp-flex-hero__subheading\">Nos asociamos con empresas B2B que enfrentan desaf\u00edos reales \u2014 sin plantillas, sin atajos. Bridgeflow est\u00e1 hecho para compa\u00f1\u00edas que venden productos complejos, enfrentan ciclos de venta largos y necesitan resultados concretos.<\/h2>\t\t\t<div class=\"ehp-flex-hero__ctas-container\">\n\t\t\t\t\t\t<a class=\"has-shape-default shape-type-button ehp-button ehp-button--primary ehp-flex-hero__button ehp-flex-hero__button--primary is-type-button elementor-animation-grow\">\n\t\t\t\t\t<span class=\"ehp-button__text ehp-flex-hero__button-text ehp-flex-hero__button-text--primary\">\n\t\t\tHablemos de tu caso\t\t\t\t<\/a>\n\t\t\t\t\t\t\t\t\t<\/div>\n\t\t\t\t\t<\/div>\n\t\t\t\t<div class=\"ehp-flex-hero__image-wrapper\">\n\t\t\t\t<\/div>\n\t\t\t\t<\/div>\n\t\t\t\t\t\t<\/div>\n\t\t\t\t<\/div>\n\t\t\t\t\t<\/div>\n\t\t\t\t<\/div>\n\t\t\t\t<\/div>","protected":false},"excerpt":{"rendered":"<p>Tired of great tech and no traction? Bridgeflow solves three core issues: lack of leads, full funnel with no conversion, and invisibility in your own market.<\/p>","protected":false},"author":1,"featured_media":0,"parent":0,"menu_order":0,"comment_status":"closed","ping_status":"closed","template":"elementor_header_footer","meta":{"content-type":"","footnotes":""},"class_list":["post-23","page","type-page","status-publish","hentry"],"yoast_head":"<!-- This site is optimized with the Yoast SEO plugin v27.3 - https:\/\/yoast.com\/product\/yoast-seo-wordpress\/ -->\n<title>Challenges We Solve | Bridgeflow Technical Marketing &amp; ABM<\/title>\n<meta name=\"description\" content=\"Industrial companies face long sales cycles and technical complexity. Bridgeflow helps them gain clarity, open key accounts, and drive measurable commercial impact.\" \/>\n<meta name=\"robots\" content=\"index, follow, max-snippet:-1, max-image-preview:large, max-video-preview:-1\" \/>\n<link rel=\"canonical\" href=\"https:\/\/bridgeflow.cl\/es\/challenges-we-solve\/\" \/>\n<meta property=\"og:locale\" content=\"es_ES\" \/>\n<meta property=\"og:type\" content=\"article\" \/>\n<meta property=\"og:title\" content=\"Challenges We Solve | Bridgeflow Technical Marketing &amp; ABM\" \/>\n<meta property=\"og:description\" content=\"Industrial companies face long sales cycles and technical complexity. Bridgeflow helps them gain clarity, open key accounts, and drive measurable commercial impact.\" \/>\n<meta property=\"og:url\" content=\"https:\/\/bridgeflow.cl\/es\/challenges-we-solve\/\" \/>\n<meta property=\"og:site_name\" content=\"BridgeFlow\" \/>\n<meta property=\"article:modified_time\" content=\"2025-11-21T14:38:18+00:00\" \/>\n<meta name=\"twitter:card\" content=\"summary_large_image\" \/>\n<meta name=\"twitter:label1\" content=\"Tiempo estimado de lectura\" \/>\n\t<meta name=\"twitter:data1\" content=\"1 minuto\" \/>\n<script type=\"application\/ld+json\" class=\"yoast-schema-graph\">{\"@context\":\"https:\\\/\\\/schema.org\",\"@graph\":[{\"@type\":\"WebPage\",\"@id\":\"https:\\\/\\\/bridgeflow.cl\\\/challenges-we-solve\\\/\",\"url\":\"https:\\\/\\\/bridgeflow.cl\\\/challenges-we-solve\\\/\",\"name\":\"Challenges We Solve | Bridgeflow Technical Marketing & ABM\",\"isPartOf\":{\"@id\":\"https:\\\/\\\/bridgeflow.cl\\\/#website\"},\"datePublished\":\"2025-05-19T16:21:12+00:00\",\"dateModified\":\"2025-11-21T14:38:18+00:00\",\"description\":\"Industrial companies face long sales cycles and technical complexity. Bridgeflow helps them gain clarity, open key accounts, and drive measurable commercial impact.\",\"breadcrumb\":{\"@id\":\"https:\\\/\\\/bridgeflow.cl\\\/challenges-we-solve\\\/#breadcrumb\"},\"inLanguage\":\"es-CL\",\"potentialAction\":[{\"@type\":\"ReadAction\",\"target\":[\"https:\\\/\\\/bridgeflow.cl\\\/challenges-we-solve\\\/\"]}]},{\"@type\":\"BreadcrumbList\",\"@id\":\"https:\\\/\\\/bridgeflow.cl\\\/challenges-we-solve\\\/#breadcrumb\",\"itemListElement\":[{\"@type\":\"ListItem\",\"position\":1,\"name\":\"Home\",\"item\":\"https:\\\/\\\/bridgeflow.cl\\\/\"},{\"@type\":\"ListItem\",\"position\":2,\"name\":\"Challenges We Solve\"}]},{\"@type\":\"WebSite\",\"@id\":\"https:\\\/\\\/bridgeflow.cl\\\/#website\",\"url\":\"https:\\\/\\\/bridgeflow.cl\\\/\",\"name\":\"BridgeFlow\",\"description\":\"\",\"publisher\":{\"@id\":\"https:\\\/\\\/bridgeflow.cl\\\/#organization\"},\"potentialAction\":[{\"@type\":\"SearchAction\",\"target\":{\"@type\":\"EntryPoint\",\"urlTemplate\":\"https:\\\/\\\/bridgeflow.cl\\\/?s={search_term_string}\"},\"query-input\":{\"@type\":\"PropertyValueSpecification\",\"valueRequired\":true,\"valueName\":\"search_term_string\"}}],\"inLanguage\":\"es-CL\"},{\"@type\":\"Organization\",\"@id\":\"https:\\\/\\\/bridgeflow.cl\\\/#organization\",\"name\":\"BridgeFlow\",\"url\":\"https:\\\/\\\/bridgeflow.cl\\\/\",\"logo\":{\"@type\":\"ImageObject\",\"inLanguage\":\"es-CL\",\"@id\":\"https:\\\/\\\/bridgeflow.cl\\\/#\\\/schema\\\/logo\\\/image\\\/\",\"url\":\"https:\\\/\\\/bridgeflow.cl\\\/wp-content\\\/uploads\\\/2025\\\/05\\\/Favicon-BridgeFlow.png\",\"contentUrl\":\"https:\\\/\\\/bridgeflow.cl\\\/wp-content\\\/uploads\\\/2025\\\/05\\\/Favicon-BridgeFlow.png\",\"width\":500,\"height\":510,\"caption\":\"BridgeFlow\"},\"image\":{\"@id\":\"https:\\\/\\\/bridgeflow.cl\\\/#\\\/schema\\\/logo\\\/image\\\/\"},\"sameAs\":[\"https:\\\/\\\/www.linkedin.com\\\/company\\\/bridgeflow-latin-america\"]}]}<\/script>\n<!-- \/ Yoast SEO plugin. -->","yoast_head_json":{"title":"Challenges We Solve | Bridgeflow Technical Marketing & ABM","description":"Industrial companies face long sales cycles and technical complexity. Bridgeflow helps them gain clarity, open key accounts, and drive measurable commercial impact.","robots":{"index":"index","follow":"follow","max-snippet":"max-snippet:-1","max-image-preview":"max-image-preview:large","max-video-preview":"max-video-preview:-1"},"canonical":"https:\/\/bridgeflow.cl\/es\/challenges-we-solve\/","og_locale":"es_ES","og_type":"article","og_title":"Challenges We Solve | Bridgeflow Technical Marketing & ABM","og_description":"Industrial companies face long sales cycles and technical complexity. Bridgeflow helps them gain clarity, open key accounts, and drive measurable commercial impact.","og_url":"https:\/\/bridgeflow.cl\/es\/challenges-we-solve\/","og_site_name":"BridgeFlow","article_modified_time":"2025-11-21T14:38:18+00:00","twitter_card":"summary_large_image","twitter_misc":{"Tiempo estimado de lectura":"1 minuto"},"schema":{"@context":"https:\/\/schema.org","@graph":[{"@type":"WebPage","@id":"https:\/\/bridgeflow.cl\/challenges-we-solve\/","url":"https:\/\/bridgeflow.cl\/challenges-we-solve\/","name":"Challenges We Solve | Bridgeflow Technical Marketing & ABM","isPartOf":{"@id":"https:\/\/bridgeflow.cl\/#website"},"datePublished":"2025-05-19T16:21:12+00:00","dateModified":"2025-11-21T14:38:18+00:00","description":"Industrial companies face long sales cycles and technical complexity. Bridgeflow helps them gain clarity, open key accounts, and drive measurable commercial impact.","breadcrumb":{"@id":"https:\/\/bridgeflow.cl\/challenges-we-solve\/#breadcrumb"},"inLanguage":"es-CL","potentialAction":[{"@type":"ReadAction","target":["https:\/\/bridgeflow.cl\/challenges-we-solve\/"]}]},{"@type":"BreadcrumbList","@id":"https:\/\/bridgeflow.cl\/challenges-we-solve\/#breadcrumb","itemListElement":[{"@type":"ListItem","position":1,"name":"Home","item":"https:\/\/bridgeflow.cl\/"},{"@type":"ListItem","position":2,"name":"Challenges We Solve"}]},{"@type":"WebSite","@id":"https:\/\/bridgeflow.cl\/#website","url":"https:\/\/bridgeflow.cl\/","name":"BridgeFlow","description":"","publisher":{"@id":"https:\/\/bridgeflow.cl\/#organization"},"potentialAction":[{"@type":"SearchAction","target":{"@type":"EntryPoint","urlTemplate":"https:\/\/bridgeflow.cl\/?s={search_term_string}"},"query-input":{"@type":"PropertyValueSpecification","valueRequired":true,"valueName":"search_term_string"}}],"inLanguage":"es-CL"},{"@type":"Organization","@id":"https:\/\/bridgeflow.cl\/#organization","name":"BridgeFlow","url":"https:\/\/bridgeflow.cl\/","logo":{"@type":"ImageObject","inLanguage":"es-CL","@id":"https:\/\/bridgeflow.cl\/#\/schema\/logo\/image\/","url":"https:\/\/bridgeflow.cl\/wp-content\/uploads\/2025\/05\/Favicon-BridgeFlow.png","contentUrl":"https:\/\/bridgeflow.cl\/wp-content\/uploads\/2025\/05\/Favicon-BridgeFlow.png","width":500,"height":510,"caption":"BridgeFlow"},"image":{"@id":"https:\/\/bridgeflow.cl\/#\/schema\/logo\/image\/"},"sameAs":["https:\/\/www.linkedin.com\/company\/bridgeflow-latin-america"]}]}},"brizy_media":[],"_links":{"self":[{"href":"https:\/\/bridgeflow.cl\/es\/wp-json\/wp\/v2\/pages\/23","targetHints":{"allow":["GET"]}}],"collection":[{"href":"https:\/\/bridgeflow.cl\/es\/wp-json\/wp\/v2\/pages"}],"about":[{"href":"https:\/\/bridgeflow.cl\/es\/wp-json\/wp\/v2\/types\/page"}],"author":[{"embeddable":true,"href":"https:\/\/bridgeflow.cl\/es\/wp-json\/wp\/v2\/users\/1"}],"replies":[{"embeddable":true,"href":"https:\/\/bridgeflow.cl\/es\/wp-json\/wp\/v2\/comments?post=23"}],"version-history":[{"count":5,"href":"https:\/\/bridgeflow.cl\/es\/wp-json\/wp\/v2\/pages\/23\/revisions"}],"predecessor-version":[{"id":374,"href":"https:\/\/bridgeflow.cl\/es\/wp-json\/wp\/v2\/pages\/23\/revisions\/374"}],"wp:attachment":[{"href":"https:\/\/bridgeflow.cl\/es\/wp-json\/wp\/v2\/media?parent=23"}],"curies":[{"name":"wp","href":"https:\/\/api.w.org\/{rel}","templated":true}]}}